{"id":769,"date":"2024-02-28T15:26:38","date_gmt":"2024-02-28T23:26:38","guid":{"rendered":"https:\/\/nuviglobal.com\/staging\/?page_id=769"},"modified":"2024-07-16T18:23:26","modified_gmt":"2024-07-17T01:23:26","slug":"accessibility-statement","status":"publish","type":"page","link":"\/sv\/accessibility-statement\/","title":{"rendered":"accessibility statement"},"content":{"rendered":"<div data-elementor-type=\"wp-page\" data-elementor-id=\"769\" class=\"elementor elementor-769\" data-elementor-settings=\"{&quot;ha_cmc_init_switcher&quot;:&quot;no&quot;}\" data-elementor-post-type=\"page\">\n\t\t\t\t<div class=\"elementor-element elementor-element-14d7322c e-con-full e-flex wpr-particle-no wpr-jarallax-no wpr-parallax-no wpr-sticky-section-no e-con e-parent\" data-id=\"14d7322c\" data-element_type=\"container\" data-e-type=\"container\" data-settings=\"{&quot;background_background&quot;:&quot;classic&quot;,&quot;_ha_eqh_enable&quot;:false}\">\n\t\t<div class=\"elementor-element elementor-element-3c0656c4 e-flex e-con-boxed wpr-particle-no wpr-jarallax-no wpr-parallax-no wpr-sticky-section-no e-con e-child\" data-id=\"3c0656c4\" data-element_type=\"container\" data-e-type=\"container\" data-settings=\"{&quot;_ha_eqh_enable&quot;:false}\">\n\t\t\t\t\t<div class=\"e-con-inner\">\n\t\t\t\t<div class=\"elementor-element elementor-element-ae57285 elementor-widget elementor-widget-heading\" data-id=\"ae57285\" data-element_type=\"widget\" data-e-type=\"widget\" data-widget_type=\"heading.default\">\n\t\t\t\t<div class=\"elementor-widget-container\">\n\t\t\t\t\t<h2 class=\"elementor-heading-title elementor-size-default\">Declaraci\u00f3n de accesibilidad<\/h2>\t\t\t\t<\/div>\n\t\t\t\t<\/div>\n\t\t\t\t\t<\/div>\n\t\t\t\t<\/div>\n\t\t\t\t<\/div>\n\t\t<div class=\"elementor-element elementor-element-23b24c8 e-flex e-con-boxed wpr-particle-no wpr-jarallax-no wpr-parallax-no wpr-sticky-section-no e-con e-parent\" data-id=\"23b24c8\" data-element_type=\"container\" data-e-type=\"container\" data-settings=\"{&quot;_ha_eqh_enable&quot;:false}\">\n\t\t\t\t\t<div class=\"e-con-inner\">\n\t\t\t\t<div class=\"elementor-element elementor-element-9aa6e2a elementor-widget elementor-widget-text-editor\" data-id=\"9aa6e2a\" data-element_type=\"widget\" data-e-type=\"widget\" data-widget_type=\"text-editor.default\">\n\t\t\t\t<div class=\"elementor-widget-container\">\n\t\t\t\t\t\t\t\t\t<p style=\"margin-bottom: 15px; font-size: 16px; font-weight: 400; line-height: 26px; color: #242424; font-family: Quicksand, sans-serif; font-style: normal;\">Nuvi Global se compromete a ofrecer un sitio web que sea razonablemente accesible para el mayor n\u00famero posible de usuarios, independientemente de su tecnolog\u00eda o capacidad.<\/p>\n<p style=\"margin-bottom: 15px; font-size: 16px; font-weight: 400; line-height: 26px; color: #242424; font-family: Quicksand, sans-serif; font-style: normal;\">Nuestro objetivo es cumplir todas las normas aplicables y nos esforzamos por alcanzar directrices como la WCAG 2.0. Si tiene alguna dificultad para acceder a cualquier parte de este sitio web, no dude en llamar a<\/p>\n<p style=\"margin-bottom: 15px; font-size: 16px; font-weight: 400; line-height: 26px; color: #242424; font-family: Quicksand, sans-serif; font-style: normal;\"><span style=\"font-weight: bolder; margin-bottom: 0px;\">Servicio al cliente<\/span>&nbsp;al 844-7406938, o<\/p>\n<p style=\"margin-bottom: 15px; font-size: 16px; font-weight: 400; line-height: 26px; color: #242424; font-family: Quicksand, sans-serif; font-style: normal;\"><span style=\"font-weight: bolder;\">por correo electr\u00f3nico a<\/span>: <a href=\"mailto: info@nuviglobal.com\">info@nuviglobal.com<\/a><\/p>\n<p style=\"margin-bottom: 0px; font-size: 16px; font-weight: 400; line-height: 26px; color: #242424; font-family: Quicksand, sans-serif; font-style: normal;\">Estaremos encantados de ayudarle con cualquier informaci\u00f3n, art\u00edculo o servicio que pueda necesitar y trabajaremos con usted para proporcionarle la informaci\u00f3n, art\u00edculo o transacci\u00f3n que busca a trav\u00e9s de un m\u00e9todo de comunicaci\u00f3n alternativo, que sea accesible para usted y compatible con la legislaci\u00f3n aplicable (por ejemplo, a trav\u00e9s de asistencia telef\u00f3nica). Supongamos que su horario no le permite llamarnos durante nuestro amplio horario de asistencia. En ese caso, estaremos encantados de ofrecer a nuestros clientes con discapacidad la posibilidad de concertar una cita personal a cualquier hora del d\u00eda<br style=\"margin-bottom: 0px;\">incluidos los d\u00edas festivos. Para programar dicha cita, env\u00edenos un correo electr\u00f3nico a: info@nuviglobal.com e indique la fecha y la hora en que desea programar dicha asistencia. Para conocer otras formas de ponerse en contacto con Nuvi Global, consulte www.nuviglobal.com\/contact\/.<\/p>\t\t\t\t\t\t\t\t<\/div>\n\t\t\t\t<\/div>\n\t\t\t\t\t<\/div>\n\t\t\t\t<\/div>\n\t\t\t\t<\/div>","protected":false},"excerpt":{"rendered":"<p>Accessibility Statement Nuvi Global is committed to providing a website that is reasonably accessible to the widest possible audience, regardless of technology or ability. We aim to comply with all applicable standards, and we strive to achieve guidelines such as WCAG 2.0. If you experience any difficulty in accessing any part of this website, please feel free to call Customer Service&nbsp;at 844-7406938, or email at: info@nuviglobal.com We will be happy to assist you with any information, goods or services that you may need and we will work with you to provide the information, item, or transaction you seek through an alternate communication method, that is accessible for you consistent with applicable law (for example, through telephone support). If your schedule does not permit you to call us during our extended support hours, we are happy to offer our customers with disabilities the opportunity to schedule a personal appointment at any time of day,including holidays that is convenient to you. To schedule such an appointmnet, please email us at: info@nuviglobal.com and indicate the date and time you would like to schedule such assistance. For additional ways to contact Nuvi Global, please see www.nuviglobal.com\/contact\/<\/p>","protected":false},"author":2,"featured_media":0,"parent":0,"menu_order":0,"comment_status":"closed","ping_status":"closed","template":"","meta":{"inline_featured_image":false,"site-sidebar-layout":"no-sidebar","site-content-layout":"","ast-site-content-layout":"full-width-container","site-content-style":"default","site-sidebar-style":"default","ast-global-header-display":"","ast-banner-title-visibility":"","ast-main-header-display":"","ast-hfb-above-header-display":"","ast-hfb-below-header-display":"","ast-hfb-mobile-header-display":"","site-post-title":"disabled","ast-breadcrumbs-content":"","ast-featured-img":"disabled","footer-sml-layout":"","ast-disable-related-posts":"","theme-transparent-header-meta":"","adv-header-id-meta":"","stick-header-meta":"","header-above-stick-meta":"","header-main-stick-meta":"","header-below-stick-meta":"","astra-migrate-meta-layouts":"default","ast-page-background-enabled":"default","ast-page-background-meta":{"desktop":{"background-color":"var(--ast-global-color-4)","background-image":"","background-repeat":"repeat","background-position":"center center","background-size":"auto","background-attachment":"scroll","background-type":"","background-media":"","overlay-type":"","overlay-color":"","overlay-opacity":"","overlay-gradient":""},"tablet":{"background-color":"","background-image":"","background-repeat":"repeat","background-position":"center center","background-size":"auto","background-attachment":"scroll","background-type":"","background-media":"","overlay-type":"","overlay-color":"","overlay-opacity":"","overlay-gradient":""},"mobile":{"background-color":"","background-image":"","background-repeat":"repeat","background-position":"center center","background-size":"auto","background-attachment":"scroll","background-type":"","background-media":"","overlay-type":"","overlay-color":"","overlay-opacity":"","overlay-gradient":""}},"ast-content-background-meta":{"desktop":{"background-color":"var(--ast-global-color-5)","background-image":"","background-repeat":"repeat","background-position":"center center","background-size":"auto","background-attachment":"scroll","background-type":"","background-media":"","overlay-type":"","overlay-color":"","overlay-opacity":"","overlay-gradient":""},"tablet":{"background-color":"var(--ast-global-color-5)","background-image":"","background-repeat":"repeat","background-position":"center center","background-size":"auto","background-attachment":"scroll","background-type":"","background-media":"","overlay-type":"","overlay-color":"","overlay-opacity":"","overlay-gradient":""},"mobile":{"background-color":"var(--ast-global-color-5)","background-image":"","background-repeat":"repeat","background-position":"center center","background-size":"auto","background-attachment":"scroll","background-type":"","background-media":"","overlay-type":"","overlay-color":"","overlay-opacity":"","overlay-gradient":""}},"footnotes":""},"class_list":["post-769","page","type-page","status-publish","hentry"],"_links":{"self":[{"href":"\/sv\/wp-json\/wp\/v2\/pages\/769","targetHints":{"allow":["GET"]}}],"collection":[{"href":"\/sv\/wp-json\/wp\/v2\/pages"}],"about":[{"href":"\/sv\/wp-json\/wp\/v2\/types\/page"}],"author":[{"embeddable":true,"href":"\/sv\/wp-json\/wp\/v2\/users\/2"}],"replies":[{"embeddable":true,"href":"\/sv\/wp-json\/wp\/v2\/comments?post=769"}],"version-history":[{"count":25,"href":"\/sv\/wp-json\/wp\/v2\/pages\/769\/revisions"}],"predecessor-version":[{"id":23902,"href":"\/sv\/wp-json\/wp\/v2\/pages\/769\/revisions\/23902"}],"wp:attachment":[{"href":"\/sv\/wp-json\/wp\/v2\/media?parent=769"}],"curies":[{"name":"wp","href":"https:\/\/api.w.org\/{rel}","templated":true}]}}