{"id":816,"date":"2024-02-28T15:26:38","date_gmt":"2024-02-28T23:26:38","guid":{"rendered":"https:\/\/nuviglobal.com\/staging\/?page_id=816"},"modified":"2025-05-06T12:15:59","modified_gmt":"2025-05-06T19:15:59","slug":"contact-us","status":"publish","type":"page","link":"\/sv\/contact-us\/","title":{"rendered":"contact us"},"content":{"rendered":"<div data-elementor-type=\"wp-page\" data-elementor-id=\"816\" class=\"elementor elementor-816\" data-elementor-settings=\"{&quot;ha_cmc_init_switcher&quot;:&quot;no&quot;}\" data-elementor-post-type=\"page\">\n\t\t\t\t<div class=\"elementor-element elementor-element-2d81f7e9 e-con-full e-flex wpr-particle-no wpr-jarallax-no wpr-parallax-no wpr-sticky-section-no e-con e-parent\" data-id=\"2d81f7e9\" data-element_type=\"container\" data-e-type=\"container\" data-settings=\"{&quot;background_background&quot;:&quot;classic&quot;,&quot;_ha_eqh_enable&quot;:false}\">\n\t\t<div class=\"elementor-element elementor-element-4d1b7374 e-flex e-con-boxed wpr-particle-no wpr-jarallax-no wpr-parallax-no wpr-sticky-section-no e-con e-child\" data-id=\"4d1b7374\" data-element_type=\"container\" data-e-type=\"container\" data-settings=\"{&quot;_ha_eqh_enable&quot;:false}\">\n\t\t\t\t\t<div class=\"e-con-inner\">\n\t\t\t\t<div class=\"elementor-element elementor-element-d9b7fd8 elementor-widget elementor-widget-heading\" data-id=\"d9b7fd8\" data-element_type=\"widget\" data-e-type=\"widget\" data-widget_type=\"heading.default\">\n\t\t\t\t<div class=\"elementor-widget-container\">\n\t\t\t\t\t<h2 class=\"elementor-heading-title elementor-size-default\">Contact Us<\/h2>\t\t\t\t<\/div>\n\t\t\t\t<\/div>\n\t\t\t\t\t<\/div>\n\t\t\t\t<\/div>\n\t\t\t\t<\/div>\n\t\t<div class=\"elementor-element elementor-element-7d2386e e-flex e-con-boxed wpr-particle-no wpr-jarallax-no wpr-parallax-no wpr-sticky-section-no e-con e-parent\" data-id=\"7d2386e\" data-element_type=\"container\" data-e-type=\"container\" data-settings=\"{&quot;_ha_eqh_enable&quot;:false}\">\n\t\t\t\t\t<div class=\"e-con-inner\">\n\t\t<div class=\"elementor-element elementor-element-08d5684 e-con-full e-flex wpr-particle-no wpr-jarallax-no wpr-parallax-no wpr-sticky-section-no e-con e-child\" data-id=\"08d5684\" data-element_type=\"container\" data-e-type=\"container\" data-settings=\"{&quot;_ha_eqh_enable&quot;:false}\">\n\t\t\t\t<div class=\"elementor-element elementor-element-cee9fa6 elementor-widget elementor-widget-heading\" data-id=\"cee9fa6\" data-element_type=\"widget\" data-e-type=\"widget\" data-widget_type=\"heading.default\">\n\t\t\t\t<div class=\"elementor-widget-container\">\n\t\t\t\t\t<h2 class=\"elementor-heading-title elementor-size-default\">OFICINAS DE NUVI GLOBAL<\/h2>\t\t\t\t<\/div>\n\t\t\t\t<\/div>\n\t\t\t\t<div class=\"elementor-element elementor-element-407ffe7 elementor-widget elementor-widget-text-editor\" data-id=\"407ffe7\" data-element_type=\"widget\" data-e-type=\"widget\" data-widget_type=\"text-editor.default\">\n\t\t\t\t<div class=\"elementor-widget-container\">\n\t\t\t\t\t\t\t\t\t<h6 style=\"margin-bottom: 0.5rem; font-family: Poppins, sans-serif; font-weight: 400; line-height: 1.2; color: #131313; font-size: 16px; font-style: normal;\"><span style=\"font-weight: bolder; margin-bottom: 0px;\">Localizaci\u00f3n de la oficina corporativa:<\/span><\/h6><p style=\"margin-bottom: 15px; font-size: 16px; font-weight: 400; line-height: 26px; color: #242424; font-family: Quicksand, sans-serif; font-style: normal;\">1101 S. MILLIKEN AV SUITE G<\/p><p style=\"margin-bottom: 15px; font-size: 16px; font-weight: 400; line-height: 26px; color: #242424; font-family: Quicksand, sans-serif; font-style: normal;\">ONTARIO, CALIFORNIA\u00a091761<\/p><h6 style=\"margin-bottom: 0.5rem; font-family: Poppins, sans-serif; font-weight: 400; line-height: 1.2; color: #131313; font-size: 16px; font-style: normal;\"><span style=\"font-weight: bolder; margin-bottom: 0px;\">Horario de oficina:<\/span><\/h6><p style=\"margin-bottom: 15px; font-size: 16px; font-weight: 400; line-height: 26px; color: #242424; font-family: Quicksand, sans-serif; font-style: normal;\">M-F 9:00am-6:00pm (PST)<\/p><h6 style=\"margin-bottom: 0.5rem; font-family: Poppins, sans-serif; font-weight: 400; line-height: 1.2; color: #131313; font-size: 16px; font-style: normal;\"><span style=\"font-weight: bolder; margin-bottom: 0px;\">Direcci\u00f3n de devoluciones\/almac\u00e9n:<\/span><\/h6><p style=\"margin-bottom: 15px; font-size: 16px; font-weight: 400; line-height: 26px; color: #242424; font-family: Quicksand, sans-serif; font-style: normal;\">1101 S. MILLIKEN AV SUITE G<\/p><p style=\"margin-bottom: 0px; font-size: 16px; font-weight: 400; line-height: 26px; color: #242424; font-family: Quicksand, sans-serif; font-style: normal;\">ONTARIO, CALIFORNIA\u00a091761<\/p>\t\t\t\t\t\t\t\t<\/div>\n\t\t\t\t<\/div>\n\t\t\t\t<\/div>\n\t\t<div class=\"elementor-element elementor-element-3eb81b0 e-con-full e-flex wpr-particle-no wpr-jarallax-no wpr-parallax-no wpr-sticky-section-no e-con e-child\" data-id=\"3eb81b0\" data-element_type=\"container\" data-e-type=\"container\" data-settings=\"{&quot;_ha_eqh_enable&quot;:false}\">\n\t\t\t\t<div class=\"elementor-element elementor-element-d8eeee7 elementor-widget elementor-widget-heading\" data-id=\"d8eeee7\" data-element_type=\"widget\" data-e-type=\"widget\" data-widget_type=\"heading.default\">\n\t\t\t\t<div class=\"elementor-widget-container\">\n\t\t\t\t\t<h2 class=\"elementor-heading-title elementor-size-default\">SUPPORT CENTERS<\/h2>\t\t\t\t<\/div>\n\t\t\t\t<\/div>\n\t\t\t\t<div class=\"elementor-element elementor-element-f07cdc7 elementor-widget elementor-widget-text-editor\" data-id=\"f07cdc7\" data-element_type=\"widget\" data-e-type=\"widget\" data-widget_type=\"text-editor.default\">\n\t\t\t\t<div class=\"elementor-widget-container\">\n\t\t\t\t\t\t\t\t\t<h6 style=\"margin-bottom: 0.5rem; font-family: Poppins, sans-serif; font-weight: 400; line-height: 1.2; color: #131313; font-size: 16px; font-style: normal;\"><span style=\"font-weight: bolder; margin-bottom: 0px;\">Correo electr\u00f3nico:<\/span><\/h6><p style=\"margin-bottom: 15px; font-size: 16px; font-weight: 400; line-height: 26px; color: #242424; font-family: Quicksand, sans-serif; font-style: normal;\">info@nuviglobal.com<\/p><h6 style=\"margin-bottom: 0.5rem; font-family: Poppins, sans-serif; font-weight: 400; line-height: 1.2; color: #131313; font-size: 16px; font-style: normal;\"><span style=\"font-weight: bolder; margin-bottom: 0px;\">N\u00famero de ventas\/soporte t\u00e9cnico:<\/span><\/h6><p style=\"margin-bottom: 15px; font-size: 16px; font-weight: 400; line-height: 26px; color: #242424; font-family: Quicksand, sans-serif; font-style: normal;\"><span style=\"margin-bottom: 0px; color: #000000;\">1-844-740-6938<\/span><\/p><h6 style=\"margin-bottom: 0.5rem; font-family: Poppins, sans-serif; font-weight: 400; line-height: 1.2; color: #131313; font-size: 16px; font-style: normal;\"><span style=\"font-weight: bolder; margin-bottom: 0px;\">Env\u00edanos un mensaje de texto:<\/span><\/h6><p style=\"margin-bottom: 15px; font-size: 16px; font-weight: 400; line-height: 26px; color: #242424; font-family: Quicksand, sans-serif; font-style: normal;\"><span style=\"margin-bottom: 0px; color: #000000;\">909-682-5386<\/span><\/p><h6 style=\"margin-bottom: 0.5rem; font-family: Poppins, sans-serif; font-weight: 400; line-height: 1.2; color: #131313; font-size: 16px; font-style: normal;\"><span style=\"font-weight: bolder; margin-bottom: 0px;\">Horario de atenci\u00f3n del cliente:<\/span><\/h6><p style=\"margin-bottom: 0px; font-size: 16px; font-weight: 400; line-height: 26px; color: #242424; font-family: Quicksand, sans-serif; font-style: normal;\">M-F 9:00am-6:00pm (PST)<\/p>\t\t\t\t\t\t\t\t<\/div>\n\t\t\t\t<\/div>\n\t\t\t\t<\/div>\n\t\t<div class=\"elementor-element elementor-element-a7eab6a e-con-full e-flex wpr-particle-no wpr-jarallax-no wpr-parallax-no wpr-sticky-section-no e-con e-child\" data-id=\"a7eab6a\" data-element_type=\"container\" data-e-type=\"container\" data-settings=\"{&quot;_ha_eqh_enable&quot;:false}\">\n\t\t\t\t<div class=\"elementor-element elementor-element-c2e7329 elementor-widget elementor-widget-heading\" data-id=\"c2e7329\" data-element_type=\"widget\" data-e-type=\"widget\" data-widget_type=\"heading.default\">\n\t\t\t\t<div class=\"elementor-widget-container\">\n\t\t\t\t\t<h2 class=\"elementor-heading-title elementor-size-default\">CHAT WITH US<\/h2>\t\t\t\t<\/div>\n\t\t\t\t<\/div>\n\t\t\t\t<div class=\"elementor-element elementor-element-97fb041 elementor-widget elementor-widget-text-editor\" data-id=\"97fb041\" data-element_type=\"widget\" data-e-type=\"widget\" data-widget_type=\"text-editor.default\">\n\t\t\t\t<div class=\"elementor-widget-container\">\n\t\t\t\t\t\t\t\t\t<h6 style=\"margin-bottom: 0.5rem; font-family: Poppins, sans-serif; font-weight: 400; line-height: 1.2; color: #131313; font-size: 16px; font-style: normal;\"><span style=\"font-weight: bolder; margin-bottom: 0px;\">Nuvi Live Chat&nbsp;<\/span>Horas en l\u00ednea:<\/h6>\n<p style=\"margin-bottom: 15px; font-size: 16px; font-weight: 400; line-height: 26px; color: #242424; font-family: Quicksand, sans-serif; font-style: normal;\">M-F 9:00am-6:00pm (PST)<\/p>\n<p style=\"margin-bottom: 15px; font-size: 16px; font-weight: 400; line-height: 26px; color: #242424; font-family: Quicksand, sans-serif; font-style: normal;\">Pregunta al Asistente Nuvi AI<\/p>\n<p style=\"margin-bottom: 15px; font-size: 16px; font-weight: 400; line-height: 26px; color: #242424; font-family: Quicksand, sans-serif; font-style: normal;\">Soporte del producto:<\/p>\n<p style=\"margin-bottom: 15px; font-size: 16px; font-weight: 400; line-height: 26px; color: #242424; font-family: Quicksand, sans-serif; font-style: normal;\">M-F 9:00am-6:00pm (PST)<\/p>\n<h6 style=\"margin-bottom: 0.5rem; font-family: Poppins, sans-serif; font-weight: 400; line-height: 1.2; color: #131313; font-size: 16px; font-style: normal;\"><span style=\"font-weight: bolder; margin-bottom: 0px;\"><span style=\"margin-bottom: 0px; color: #274e9b;\">Facebook Messenger:<\/span><\/span><\/h6>\n<p style=\"margin-bottom: 15px; font-size: 16px; font-weight: 400; line-height: 26px; color: #242424; font-family: Quicksand, sans-serif; font-style: normal;\"><span style=\"margin-bottom: 0px; color: #000000;\">For English:<a style=\"color: #000000; text-decoration-line: none; transition-duration: 0.3s; transition-timing-function: ease-out; outline: none medium; margin-bottom: 0px;\" href=\"https:\/\/www.facebook.com\/NuviGlobalUSA\/\" target=\"_blank\" rel=\"noopener noreferrer\">@NuviGlobalUSA<\/a><\/span><\/p>\n<p style=\"margin-bottom: 0px; font-size: 16px; font-weight: 400; line-height: 26px; color: #242424; font-family: Quicksand, sans-serif; font-style: normal;\"><span style=\"margin-bottom: 0px; color: #000000;\">Para espa\u00f1ol:<a style=\"color: #000000; text-decoration-line: none; transition-duration: 0.3s; transition-timing-function: ease-out; outline: none medium; margin-bottom: 0px;\" href=\"https:\/\/www.facebook.com\/NuviUSAEsp\/\" target=\"_blank\" rel=\"noopener noreferrer\">@NuviUSAES<\/a>P<\/span><\/p>\t\t\t\t\t\t\t\t<\/div>\n\t\t\t\t<\/div>\n\t\t\t\t<\/div>\n\t\t\t\t\t<\/div>\n\t\t\t\t<\/div>\n\t\t<div class=\"elementor-element elementor-element-fbb52aa e-flex e-con-boxed wpr-particle-no wpr-jarallax-no wpr-parallax-no wpr-sticky-section-no e-con e-parent\" data-id=\"fbb52aa\" data-element_type=\"container\" data-e-type=\"container\" data-settings=\"{&quot;_ha_eqh_enable&quot;:false}\">\n\t\t\t\t\t<div class=\"e-con-inner\">\n\t\t\t\t<div class=\"elementor-element elementor-element-7311701 elementor-widget elementor-widget-google_maps\" data-id=\"7311701\" data-element_type=\"widget\" data-e-type=\"widget\" data-widget_type=\"google_maps.default\">\n\t\t\t\t<div class=\"elementor-widget-container\">\n\t\t\t\t\t\t\t<div class=\"elementor-custom-embed\">\n\t\t\t<iframe loading=\"lazy\"\n\t\t\t\t\tsrc=\"https:\/\/maps.google.com\/maps?q=1101%20S%20Milliken%20Ave%20Suite%20G%2C%20Ontario%2C%20CA%2091761&#038;t=m&#038;z=13&#038;output=embed&#038;iwloc=near\"\n\t\t\t\t\ttitle=\"1101 S Milliken Ave Suite G, Ontario, CA 91761\"\n\t\t\t\t\taria-label=\"1101 S Milliken Ave Suite G, Ontario, CA 91761\"\n\t\t\t><\/iframe>\n\t\t<\/div>\n\t\t\t\t\t\t<\/div>\n\t\t\t\t<\/div>\n\t\t\t\t\t<\/div>\n\t\t\t\t<\/div>\n\t\t\t\t<\/div>","protected":false},"excerpt":{"rendered":"<p>Contact Us NUVI GLOBAL OFFICES Corporate Office Location: 1101 S. MILLIKEN AV SUITE G ONTARIO, CALIFORNIA\u00a091761 Hours of Operation: M-F 9:00am-6:00pm (PST) Returns\/Warehouse Address: 1101 S. MILLIKEN AV SUITE G ONTARIO, CALIFORNIA\u00a091761 SUPPORT CENTERS Email: info@nuviglobal.com Sales\/Tech Support Number: 1-844-740-6938 Text Us: 909-682-5386 Customer Service Hours: M-F 9:00am-6:00pm (PST) CHAT WITH US Nuvi Live Chat&nbsp;Online Hours: M-F 9:00am-6:00pm (PST) Ask Nuvi AI Assistant Product Support: M-F 9:00am-6:00pm (PST) Facebook Messenger: For English:@NuviGlobalUSA For Spanish:@NuviUSAESP OFICINAS DE NUVI GLOBAL OFICINA CORPORATIVA: C. La Ley 2729, Circunvalaci\u00f3n Vallarta, 44680 Guadalajara, Jal. HORARIO DE ATENCI\u00d3N: Lunes a Viernes: 9:00 am a 6:00 pm S\u00e1bado: 9:00 am a 2:00 pm Devoluciones y bodega: C. La Ley 2729, Circunvalaci\u00f3n Vallarta, 44680 Guadalajara, Jal. SERVICIO AL CLIENTE Email: info.mex@nuviglobal.com Ventas y atenci\u00f3n telef\u00f3nica: +52 33 1879 0933 WhatsApp: +52 33 1006 2476 Horario de servicio a clientes: Lunes a Viernes: 9:00 am a 6:00 pm S\u00e1bado: 9:00 am a 2:00 pm SIGUE NUESTRAS REDES @NuviGlobalMexico @nuviglobalmexico @nuvi.global.mexico Chat en redes sociales: Lunes a Viernes: 9:00 am a 6:00 pm S\u00e1bado: 9:00 am a 2:00 pm Atenci\u00f3n de productos: Lunes a Viernes: 9:00 am a 6:00 pm S\u00e1bado: 9:00 am a 2:00 pm<\/p>","protected":false},"author":2,"featured_media":0,"parent":0,"menu_order":0,"comment_status":"closed","ping_status":"closed","template":"","meta":{"inline_featured_image":false,"site-sidebar-layout":"no-sidebar","site-content-layout":"","ast-site-content-layout":"full-width-container","site-content-style":"default","site-sidebar-style":"default","ast-global-header-display":"","ast-banner-title-visibility":"","ast-main-header-display":"","ast-hfb-above-header-display":"","ast-hfb-below-header-display":"","ast-hfb-mobile-header-display":"","site-post-title":"disabled","ast-breadcrumbs-content":"","ast-featured-img":"disabled","footer-sml-layout":"","ast-disable-related-posts":"","theme-transparent-header-meta":"","adv-header-id-meta":"","stick-header-meta":"","header-above-stick-meta":"","header-main-stick-meta":"","header-below-stick-meta":"","astra-migrate-meta-layouts":"default","ast-page-background-enabled":"default","ast-page-background-meta":{"desktop":{"background-color":"var(--ast-global-color-4)","background-image":"","background-repeat":"repeat","background-position":"center center","background-size":"auto","background-attachment":"scroll","background-type":"","background-media":"","overlay-type":"","overlay-color":"","overlay-opacity":"","overlay-gradient":""},"tablet":{"background-color":"","background-image":"","background-repeat":"repeat","background-position":"center center","background-size":"auto","background-attachment":"scroll","background-type":"","background-media":"","overlay-type":"","overlay-color":"","overlay-opacity":"","overlay-gradient":""},"mobile":{"background-color":"","background-image":"","background-repeat":"repeat","background-position":"center center","background-size":"auto","background-attachment":"scroll","background-type":"","background-media":"","overlay-type":"","overlay-color":"","overlay-opacity":"","overlay-gradient":""}},"ast-content-background-meta":{"desktop":{"background-color":"var(--ast-global-color-5)","background-image":"","background-repeat":"repeat","background-position":"center center","background-size":"auto","background-attachment":"scroll","background-type":"","background-media":"","overlay-type":"","overlay-color":"","overlay-opacity":"","overlay-gradient":""},"tablet":{"background-color":"var(--ast-global-color-5)","background-image":"","background-repeat":"repeat","background-position":"center center","background-size":"auto","background-attachment":"scroll","background-type":"","background-media":"","overlay-type":"","overlay-color":"","overlay-opacity":"","overlay-gradient":""},"mobile":{"background-color":"var(--ast-global-color-5)","background-image":"","background-repeat":"repeat","background-position":"center center","background-size":"auto","background-attachment":"scroll","background-type":"","background-media":"","overlay-type":"","overlay-color":"","overlay-opacity":"","overlay-gradient":""}},"footnotes":""},"class_list":["post-816","page","type-page","status-publish","hentry"],"_links":{"self":[{"href":"\/sv\/wp-json\/wp\/v2\/pages\/816","targetHints":{"allow":["GET"]}}],"collection":[{"href":"\/sv\/wp-json\/wp\/v2\/pages"}],"about":[{"href":"\/sv\/wp-json\/wp\/v2\/types\/page"}],"author":[{"embeddable":true,"href":"\/sv\/wp-json\/wp\/v2\/users\/2"}],"replies":[{"embeddable":true,"href":"\/sv\/wp-json\/wp\/v2\/comments?post=816"}],"version-history":[{"count":34,"href":"\/sv\/wp-json\/wp\/v2\/pages\/816\/revisions"}],"predecessor-version":[{"id":25014,"href":"\/sv\/wp-json\/wp\/v2\/pages\/816\/revisions\/25014"}],"wp:attachment":[{"href":"\/sv\/wp-json\/wp\/v2\/media?parent=816"}],"curies":[{"name":"wp","href":"https:\/\/api.w.org\/{rel}","templated":true}]}}